{"id":341,"date":"2019-10-23T08:23:39","date_gmt":"2019-10-23T14:23:39","guid":{"rendered":"https:\/\/demo2wpopal.b-cdn.net\/rehomes\/?page_id=341"},"modified":"2024-11-26T16:50:35","modified_gmt":"2024-11-26T22:50:35","slug":"contacto","status":"publish","type":"page","link":"https:\/\/novaterra.com.gt\/es\/contacto\/","title":{"rendered":"Contacto"},"content":{"rendered":"\t\t<div data-elementor-type=\"wp-page\" data-elementor-id=\"341\" class=\"elementor elementor-341\">\n\t\t\t\t\t\t<section class=\"elementor-section elementor-top-section elementor-element elementor-element-2fc9969 elementor-section-boxed elementor-section-height-default elementor-section-height-default\" data-id=\"2fc9969\" data-element_type=\"section\">\n\t\t\t\t\t\t<div class=\"elementor-container elementor-column-gap-no\">\n\t\t\t\t\t<div class=\"elementor-column elementor-col-50 elementor-top-column elementor-element elementor-element-6a0d2ef\" data-id=\"6a0d2ef\" data-element_type=\"column\">\n\t\t\t<div class=\"elementor-widget-wrap elementor-element-populated\">\n\t\t\t\t\t\t<div class=\"elementor-element elementor-element-cce7dd1 animated-fast elementor-invisible elementor-widget elementor-widget-heading\" data-id=\"cce7dd1\" data-element_type=\"widget\" data-settings=\"{&quot;_animation&quot;:&quot;opal-move-up&quot;}\" data-widget_type=\"heading.default\">\n\t\t\t\t<div class=\"elementor-widget-container\">\n\t\t\t\t\t<div class=\"elementor-heading-wrapper\" ><div class=\"elementor-heading-wrapper-inner\"><h2 class=\"elementor-heading-title elementor-size-default\">ESCR\u00cdBENOS<\/h2><\/div><\/div>\t\t\t\t<\/div>\n\t\t\t\t<\/div>\n\t\t\t\t<div class=\"elementor-element elementor-element-4b9addb elementor-widget elementor-widget-text-editor\" data-id=\"4b9addb\" data-element_type=\"widget\" data-widget_type=\"text-editor.default\">\n\t\t\t\t<div class=\"elementor-widget-container\">\n\t\t\t\t\t        <div class=\"elementor-text-editor elementor-clearfix\"><p>\u00a1Cont\u00e1ctanos ahora para encontrar tu hogar ideal! Nuestro equipo est\u00e1 listo para ayudarte.<\/p><p>\u00a0<\/p><\/div>\n        \t\t\t\t<\/div>\n\t\t\t\t<\/div>\n\t\t\t\t<div class=\"elementor-element elementor-element-95665a6 animated-fast elementor-invisible elementor-widget elementor-widget-heading\" data-id=\"95665a6\" data-element_type=\"widget\" data-settings=\"{&quot;_animation&quot;:&quot;opal-move-up&quot;}\" data-widget_type=\"heading.default\">\n\t\t\t\t<div class=\"elementor-widget-container\">\n\t\t\t\t\t<div class=\"elementor-heading-wrapper\" ><div class=\"elementor-heading-wrapper-inner\"><h2 class=\"elementor-heading-title elementor-size-default\">Oficina<\/h2><\/div><\/div>\t\t\t\t<\/div>\n\t\t\t\t<\/div>\n\t\t\t\t<div class=\"elementor-element elementor-element-8a50b9a animated-fast icon-list-style1 elementor-icon-list--layout-traditional elementor-list-item-link-full_width elementor-invisible elementor-widget elementor-widget-icon-list\" data-id=\"8a50b9a\" data-element_type=\"widget\" data-settings=\"{&quot;_animation&quot;:&quot;opal-move-up&quot;}\" data-widget_type=\"icon-list.default\">\n\t\t\t\t<div class=\"elementor-widget-container\">\n\t\t\t\t\t\t\t<ul class=\"elementor-icon-list-items\">\n\t\t\t\t\t\t\t<li class=\"elementor-icon-list-item\">\n\t\t\t\t\t\t\t\t\t\t\t<a href=\"https:\/\/waze.com\/ul\/h9fxdggrw0\" target=\"_blank\">\n\n\t\t\t\t\t\t\t\t\t\t\t\t<span class=\"elementor-icon-list-icon\">\n\t\t\t\t\t\t\t<i aria-hidden=\"true\" class=\"far fa-map\"><\/i>\t\t\t\t\t\t<\/span>\n\t\t\t\t\t\t\t\t\t\t<span class=\"elementor-icon-list-text\">28 Calle \"A\" 14-85 Zona 13<\/span>\n\t\t\t\t\t\t\t\t\t\t\t<\/a>\n\t\t\t\t\t\t\t\t\t<\/li>\n\t\t\t\t\t\t\t\t<li class=\"elementor-icon-list-item\">\n\t\t\t\t\t\t\t\t\t\t\t<a href=\"tel:+50230340119\">\n\n\t\t\t\t\t\t\t\t\t\t\t\t<span class=\"elementor-icon-list-icon\">\n\t\t\t\t\t\t\t<i aria-hidden=\"true\" class=\"fas fa-phone\"><\/i>\t\t\t\t\t\t<\/span>\n\t\t\t\t\t\t\t\t\t\t<span class=\"elementor-icon-list-text\">(502) 3034 0119<\/span>\n\t\t\t\t\t\t\t\t\t\t\t<\/a>\n\t\t\t\t\t\t\t\t\t<\/li>\n\t\t\t\t\t\t\t\t<li class=\"elementor-icon-list-item\">\n\t\t\t\t\t\t\t\t\t\t\t<a href=\"https:\/\/wa.link\/h4nau2\" target=\"_blank\">\n\n\t\t\t\t\t\t\t\t\t\t\t\t<span class=\"elementor-icon-list-icon\">\n\t\t\t\t\t\t\t<i aria-hidden=\"true\" class=\"fab fa-whatsapp\"><\/i>\t\t\t\t\t\t<\/span>\n\t\t\t\t\t\t\t\t\t\t<span class=\"elementor-icon-list-text\">(502) 3033 9837<\/span>\n\t\t\t\t\t\t\t\t\t\t\t<\/a>\n\t\t\t\t\t\t\t\t\t<\/li>\n\t\t\t\t\t\t\t\t<li class=\"elementor-icon-list-item\">\n\t\t\t\t\t\t\t\t\t\t\t<span class=\"elementor-icon-list-icon\">\n\t\t\t\t\t\t\t<i aria-hidden=\"true\" class=\"far fa-envelope\"><\/i>\t\t\t\t\t\t<\/span>\n\t\t\t\t\t\t\t\t\t\t<span class=\"elementor-icon-list-text\">info@novaterra.com.gt<\/span>\n\t\t\t\t\t\t\t\t\t<\/li>\n\t\t\t\t\t\t<\/ul>\n\t\t\t\t\t\t<\/div>\n\t\t\t\t<\/div>\n\t\t\t\t\t<\/div>\n\t\t<\/div>\n\t\t\t\t<div class=\"elementor-column elementor-col-50 elementor-top-column elementor-element elementor-element-1d6f08b\" data-id=\"1d6f08b\" data-element_type=\"column\">\n\t\t\t<div class=\"elementor-widget-wrap elementor-element-populated\">\n\t\t\t\t\t\t<div class=\"elementor-element elementor-element-cfa6c45 elementor-widget elementor-widget-wpforms\" data-id=\"cfa6c45\" data-element_type=\"widget\" data-widget_type=\"wpforms.default\">\n\t\t\t\t<div class=\"elementor-widget-container\">\n\t\t\t\t\t<div class=\"wpforms-container wpforms-container-full\" id=\"wpforms-2739\"><form id=\"wpforms-form-2739\" class=\"wpforms-validate wpforms-form wpforms-ajax-form\" data-formid=\"2739\" method=\"post\" enctype=\"multipart\/form-data\" action=\"\/es\/wp-json\/wp\/v2\/pages\/341\" data-token=\"10193191762b8c05af28ba9eb20b8958\" data-token-time=\"1777050937\"><div class=\"wpforms-head-container\"><div class=\"wpforms-title\">Nombre<\/div><\/div><noscript class=\"wpforms-error-noscript\">Please enable JavaScript in your browser to complete this form.<\/noscript><div class=\"wpforms-field-container\"><div id=\"wpforms-2739-field_0-container\" class=\"wpforms-field wpforms-field-name\" data-field-id=\"0\"><label class=\"wpforms-field-label\" for=\"wpforms-2739-field_0\">Nombre <span class=\"wpforms-required-label\">*<\/span><\/label><input type=\"text\" id=\"wpforms-2739-field_0\" class=\"wpforms-field-medium wpforms-field-required\" name=\"wpforms[fields][0]\" required><\/div>\t\t<div id=\"wpforms-2739-field_3-container\"\n\t\t\tclass=\"wpforms-field wpforms-field-text\"\n\t\t\tdata-field-type=\"text\"\n\t\t\tdata-field-id=\"3\"\n\t\t\t>\n\t\t\t<label class=\"wpforms-field-label\" for=\"wpforms-2739-field_3\" >Correo Tel\u00e9fono Mensaje<\/label>\n\t\t\t<input type=\"text\" id=\"wpforms-2739-field_3\" class=\"wpforms-field-medium\" name=\"wpforms[fields][3]\" >\n\t\t<\/div>\n\t\t<div id=\"wpforms-2739-field_7-container\" class=\"wpforms-field wpforms-field-number\" data-field-id=\"7\"><label class=\"wpforms-field-label\" for=\"wpforms-2739-field_7\">Tel\u00e9fono <span class=\"wpforms-required-label\">*<\/span><\/label><input type=\"number\" id=\"wpforms-2739-field_7\" class=\"wpforms-field-small wpforms-field-required\" name=\"wpforms[fields][7]\" step=\"any\" required><\/div><div id=\"wpforms-2739-field_1-container\" class=\"wpforms-field wpforms-field-email\" data-field-id=\"1\"><label class=\"wpforms-field-label\" for=\"wpforms-2739-field_1\">Correo<\/label><input type=\"email\" id=\"wpforms-2739-field_1\" class=\"wpforms-field-medium\" name=\"wpforms[fields][1]\" spellcheck=\"false\" ><\/div><div id=\"wpforms-2739-field_2-container\" class=\"wpforms-field wpforms-field-textarea\" data-field-id=\"2\"><label class=\"wpforms-field-label\" for=\"wpforms-2739-field_2\">Mensaje<\/label><textarea id=\"wpforms-2739-field_2\" class=\"wpforms-field-small wpforms-limit-characters-enabled\" data-form-id=\"2739\" data-field-id=\"2\" data-text-limit=\"200\" name=\"wpforms[fields][2]\" placeholder=\"Quiero recibir m\u00e1s informaci\u00f3n de este proyecto. \u00a1Gracias!\" maxlength=\"200\" ><\/textarea><\/div><script>\n\t\t\t\t( function() {\n\t\t\t\t\tconst style = document.createElement( 'style' );\n\t\t\t\t\tstyle.appendChild( document.createTextNode( '#wpforms-2739-field_3-container { position: absolute !important; overflow: hidden !important; display: inline !important; height: 1px !important; width: 1px !important; z-index: -1000 !important; padding: 0 !important; } #wpforms-2739-field_3-container input { visibility: hidden; } #wpforms-conversational-form-page #wpforms-2739-field_3-container label { counter-increment: none; }' ) );\n\t\t\t\t\tdocument.head.appendChild( style );\n\t\t\t\t\tdocument.currentScript?.remove();\n\t\t\t\t} )();\n\t\t\t<\/script><\/div><!-- .wpforms-field-container --><div class=\"wpforms-recaptcha-container wpforms-is-recaptcha wpforms-is-recaptcha-type-v3\" ><input type=\"hidden\" name=\"wpforms[recaptcha]\" value=\"\"><\/div><div class=\"wpforms-submit-container\" ><input type=\"hidden\" name=\"wpforms[id]\" value=\"2739\"><input type=\"hidden\" name=\"page_title\" value=\"\"><input type=\"hidden\" name=\"page_url\" value=\"https:\/\/novaterra.com.gt\/es\/wp-json\/wp\/v2\/pages\/341\"><input type=\"hidden\" name=\"url_referer\" value=\"\"><button type=\"submit\" name=\"wpforms[submit]\" id=\"wpforms-submit-2739\" class=\"wpforms-submit\" data-alt-text=\"Enviando...\" data-submit-text=\"Enviar\" aria-live=\"assertive\" value=\"wpforms-submit\">Enviar<\/button><img decoding=\"async\" src=\"https:\/\/novaterra.com.gt\/es\/wp-content\/plugins\/wpforms-lite\/assets\/images\/submit-spin.svg\" class=\"wpforms-submit-spinner\" style=\"display: none;\" width=\"26\" height=\"26\" alt=\"Loading\"><\/div><\/form><\/div>  <!-- .wpforms-container -->\t\t\t\t<\/div>\n\t\t\t\t<\/div>\n\t\t\t\t\t<\/div>\n\t\t<\/div>\n\t\t\t\t\t<\/div>\n\t\t<\/section>\n\t\t\t\t<\/div>\n\t\t","protected":false},"excerpt":{"rendered":"<p>ESCR\u00cdBENOS \u00a1Cont\u00e1ctanos ahora para encontrar tu hogar ideal! Nuestro equipo est\u00e1 listo para ayudarte. \u00a0 Oficina 28 Calle &#8220;A&#8221; 14-85 Zona 13 (502) 3034 0119 (502) 3033 9837 info@novaterra.com.gt ContactoPlease enable JavaScript in your browser to complete this form.Nombre *Tel\u00e9fono *CorreoMensaje Enviar<\/p>\n","protected":false},"author":1,"featured_media":0,"parent":0,"menu_order":0,"comment_status":"closed","ping_status":"closed","template":"page-elementor.php","meta":{"footnotes":""},"class_list":["post-341","page","type-page","status-publish","hentry"],"yoast_head":"<!-- This site is optimized with the Yoast SEO plugin v27.0 - https:\/\/yoast.com\/product\/yoast-seo-wordpress\/ -->\n<title>Contacto &#8211; Inmobiliaria Novaterra<\/title>\n<meta name=\"description\" content=\"Cont\u00e1ctanos para obtener asesor\u00eda personalizada. Estamos aqu\u00ed para hacer realidad tu sue\u00f1o de hogar perfecto.\" \/>\n<meta name=\"robots\" content=\"index, follow, max-snippet:-1, max-image-preview:large, max-video-preview:-1\" \/>\n<link rel=\"canonical\" href=\"https:\/\/novaterra.com.gt\/es\/contacto\/\" \/>\n<meta property=\"og:locale\" content=\"es_ES\" \/>\n<meta property=\"og:type\" content=\"article\" \/>\n<meta property=\"og:title\" content=\"Contacto &#8211; Inmobiliaria Novaterra\" \/>\n<meta property=\"og:description\" content=\"Cont\u00e1ctanos para obtener asesor\u00eda personalizada. Estamos aqu\u00ed para hacer realidad tu sue\u00f1o de hogar perfecto.\" \/>\n<meta property=\"og:url\" content=\"https:\/\/novaterra.com.gt\/es\/contacto\/\" \/>\n<meta property=\"og:site_name\" content=\"Inmobiliaria Novaterra\" \/>\n<meta property=\"article:publisher\" content=\"https:\/\/www.facebook.com\/novaterragt\/\" \/>\n<meta property=\"article:modified_time\" content=\"2024-11-26T22:50:35+00:00\" \/>\n<meta property=\"og:image\" content=\"https:\/\/novaterra.com.gt\/es\/wp-content\/plugins\/wpforms-lite\/assets\/images\/submit-spin.svg\" \/>\n<meta name=\"twitter:card\" content=\"summary_large_image\" \/>\n<script type=\"application\/ld+json\" class=\"yoast-schema-graph\">{\"@context\":\"https:\/\/schema.org\",\"@graph\":[{\"@type\":\"WebPage\",\"@id\":\"https:\/\/novaterra.com.gt\/es\/contacto\/\",\"url\":\"https:\/\/novaterra.com.gt\/es\/contacto\/\",\"name\":\"Contacto &#8211; Inmobiliaria Novaterra\",\"isPartOf\":{\"@id\":\"https:\/\/novaterra.com.gt\/es\/#website\"},\"primaryImageOfPage\":{\"@id\":\"https:\/\/novaterra.com.gt\/es\/contacto\/#primaryimage\"},\"image\":{\"@id\":\"https:\/\/novaterra.com.gt\/es\/contacto\/#primaryimage\"},\"thumbnailUrl\":\"https:\/\/novaterra.com.gt\/es\/wp-content\/plugins\/wpforms-lite\/assets\/images\/submit-spin.svg\",\"datePublished\":\"2019-10-23T14:23:39+00:00\",\"dateModified\":\"2024-11-26T22:50:35+00:00\",\"description\":\"Cont\u00e1ctanos para obtener asesor\u00eda personalizada. Estamos aqu\u00ed para hacer realidad tu sue\u00f1o de hogar perfecto.\",\"breadcrumb\":{\"@id\":\"https:\/\/novaterra.com.gt\/es\/contacto\/#breadcrumb\"},\"inLanguage\":\"es\",\"potentialAction\":[{\"@type\":\"ReadAction\",\"target\":[\"https:\/\/novaterra.com.gt\/es\/contacto\/\"]}]},{\"@type\":\"ImageObject\",\"inLanguage\":\"es\",\"@id\":\"https:\/\/novaterra.com.gt\/es\/contacto\/#primaryimage\",\"url\":\"https:\/\/novaterra.com.gt\/es\/wp-content\/plugins\/wpforms-lite\/assets\/images\/submit-spin.svg\",\"contentUrl\":\"https:\/\/novaterra.com.gt\/es\/wp-content\/plugins\/wpforms-lite\/assets\/images\/submit-spin.svg\"},{\"@type\":\"BreadcrumbList\",\"@id\":\"https:\/\/novaterra.com.gt\/es\/contacto\/#breadcrumb\",\"itemListElement\":[{\"@type\":\"ListItem\",\"position\":1,\"name\":\"Portada\",\"item\":\"https:\/\/novaterra.com.gt\/es\/\"},{\"@type\":\"ListItem\",\"position\":2,\"name\":\"Contacto\"}]},{\"@type\":\"WebSite\",\"@id\":\"https:\/\/novaterra.com.gt\/es\/#website\",\"url\":\"https:\/\/novaterra.com.gt\/es\/\",\"name\":\"Inmobiliaria Novaterra\",\"description\":\"Casas y Apartamentos en Venta\",\"publisher\":{\"@id\":\"https:\/\/novaterra.com.gt\/es\/#organization\"},\"alternateName\":\"Novaterra\",\"potentialAction\":[{\"@type\":\"SearchAction\",\"target\":{\"@type\":\"EntryPoint\",\"urlTemplate\":\"https:\/\/novaterra.com.gt\/es\/?s={search_term_string}\"},\"query-input\":{\"@type\":\"PropertyValueSpecification\",\"valueRequired\":true,\"valueName\":\"search_term_string\"}}],\"inLanguage\":\"es\"},{\"@type\":\"Organization\",\"@id\":\"https:\/\/novaterra.com.gt\/es\/#organization\",\"name\":\"Inmobiliaria Novaterra\",\"alternateName\":\"Novaterra\",\"url\":\"https:\/\/novaterra.com.gt\/es\/\",\"logo\":{\"@type\":\"ImageObject\",\"inLanguage\":\"es\",\"@id\":\"https:\/\/novaterra.com.gt\/es\/#\/schema\/logo\/image\/\",\"url\":\"https:\/\/novaterra.com.gt\/es\/wp-content\/uploads\/2021\/10\/Sin-t\u00edtulo-6.png\",\"contentUrl\":\"https:\/\/novaterra.com.gt\/es\/wp-content\/uploads\/2021\/10\/Sin-t\u00edtulo-6.png\",\"width\":305,\"height\":175,\"caption\":\"Inmobiliaria Novaterra\"},\"image\":{\"@id\":\"https:\/\/novaterra.com.gt\/es\/#\/schema\/logo\/image\/\"},\"sameAs\":[\"https:\/\/www.facebook.com\/novaterragt\/\",\"https:\/\/www.instagram.com\/novaterragt\/\",\"https:\/\/www.linkedin.com\/company\/novaterragt\/\"]}]}<\/script>\n<!-- \/ Yoast SEO plugin. -->","yoast_head_json":{"title":"Contacto &#8211; Inmobiliaria Novaterra","description":"Cont\u00e1ctanos para obtener asesor\u00eda personalizada. Estamos aqu\u00ed para hacer realidad tu sue\u00f1o de hogar perfecto.","robots":{"index":"index","follow":"follow","max-snippet":"max-snippet:-1","max-image-preview":"max-image-preview:large","max-video-preview":"max-video-preview:-1"},"canonical":"https:\/\/novaterra.com.gt\/es\/contacto\/","og_locale":"es_ES","og_type":"article","og_title":"Contacto &#8211; Inmobiliaria Novaterra","og_description":"Cont\u00e1ctanos para obtener asesor\u00eda personalizada. Estamos aqu\u00ed para hacer realidad tu sue\u00f1o de hogar perfecto.","og_url":"https:\/\/novaterra.com.gt\/es\/contacto\/","og_site_name":"Inmobiliaria Novaterra","article_publisher":"https:\/\/www.facebook.com\/novaterragt\/","article_modified_time":"2024-11-26T22:50:35+00:00","og_image":[{"url":"https:\/\/novaterra.com.gt\/es\/wp-content\/plugins\/wpforms-lite\/assets\/images\/submit-spin.svg","type":"","width":"","height":""}],"twitter_card":"summary_large_image","schema":{"@context":"https:\/\/schema.org","@graph":[{"@type":"WebPage","@id":"https:\/\/novaterra.com.gt\/es\/contacto\/","url":"https:\/\/novaterra.com.gt\/es\/contacto\/","name":"Contacto &#8211; Inmobiliaria Novaterra","isPartOf":{"@id":"https:\/\/novaterra.com.gt\/es\/#website"},"primaryImageOfPage":{"@id":"https:\/\/novaterra.com.gt\/es\/contacto\/#primaryimage"},"image":{"@id":"https:\/\/novaterra.com.gt\/es\/contacto\/#primaryimage"},"thumbnailUrl":"https:\/\/novaterra.com.gt\/es\/wp-content\/plugins\/wpforms-lite\/assets\/images\/submit-spin.svg","datePublished":"2019-10-23T14:23:39+00:00","dateModified":"2024-11-26T22:50:35+00:00","description":"Cont\u00e1ctanos para obtener asesor\u00eda personalizada. Estamos aqu\u00ed para hacer realidad tu sue\u00f1o de hogar perfecto.","breadcrumb":{"@id":"https:\/\/novaterra.com.gt\/es\/contacto\/#breadcrumb"},"inLanguage":"es","potentialAction":[{"@type":"ReadAction","target":["https:\/\/novaterra.com.gt\/es\/contacto\/"]}]},{"@type":"ImageObject","inLanguage":"es","@id":"https:\/\/novaterra.com.gt\/es\/contacto\/#primaryimage","url":"https:\/\/novaterra.com.gt\/es\/wp-content\/plugins\/wpforms-lite\/assets\/images\/submit-spin.svg","contentUrl":"https:\/\/novaterra.com.gt\/es\/wp-content\/plugins\/wpforms-lite\/assets\/images\/submit-spin.svg"},{"@type":"BreadcrumbList","@id":"https:\/\/novaterra.com.gt\/es\/contacto\/#breadcrumb","itemListElement":[{"@type":"ListItem","position":1,"name":"Portada","item":"https:\/\/novaterra.com.gt\/es\/"},{"@type":"ListItem","position":2,"name":"Contacto"}]},{"@type":"WebSite","@id":"https:\/\/novaterra.com.gt\/es\/#website","url":"https:\/\/novaterra.com.gt\/es\/","name":"Inmobiliaria Novaterra","description":"Casas y Apartamentos en Venta","publisher":{"@id":"https:\/\/novaterra.com.gt\/es\/#organization"},"alternateName":"Novaterra","potentialAction":[{"@type":"SearchAction","target":{"@type":"EntryPoint","urlTemplate":"https:\/\/novaterra.com.gt\/es\/?s={search_term_string}"},"query-input":{"@type":"PropertyValueSpecification","valueRequired":true,"valueName":"search_term_string"}}],"inLanguage":"es"},{"@type":"Organization","@id":"https:\/\/novaterra.com.gt\/es\/#organization","name":"Inmobiliaria Novaterra","alternateName":"Novaterra","url":"https:\/\/novaterra.com.gt\/es\/","logo":{"@type":"ImageObject","inLanguage":"es","@id":"https:\/\/novaterra.com.gt\/es\/#\/schema\/logo\/image\/","url":"https:\/\/novaterra.com.gt\/es\/wp-content\/uploads\/2021\/10\/Sin-t\u00edtulo-6.png","contentUrl":"https:\/\/novaterra.com.gt\/es\/wp-content\/uploads\/2021\/10\/Sin-t\u00edtulo-6.png","width":305,"height":175,"caption":"Inmobiliaria Novaterra"},"image":{"@id":"https:\/\/novaterra.com.gt\/es\/#\/schema\/logo\/image\/"},"sameAs":["https:\/\/www.facebook.com\/novaterragt\/","https:\/\/www.instagram.com\/novaterragt\/","https:\/\/www.linkedin.com\/company\/novaterragt\/"]}]}},"_links":{"self":[{"href":"https:\/\/novaterra.com.gt\/es\/wp-json\/wp\/v2\/pages\/341","targetHints":{"allow":["GET"]}}],"collection":[{"href":"https:\/\/novaterra.com.gt\/es\/wp-json\/wp\/v2\/pages"}],"about":[{"href":"https:\/\/novaterra.com.gt\/es\/wp-json\/wp\/v2\/types\/page"}],"author":[{"embeddable":true,"href":"https:\/\/novaterra.com.gt\/es\/wp-json\/wp\/v2\/users\/1"}],"replies":[{"embeddable":true,"href":"https:\/\/novaterra.com.gt\/es\/wp-json\/wp\/v2\/comments?post=341"}],"version-history":[{"count":0,"href":"https:\/\/novaterra.com.gt\/es\/wp-json\/wp\/v2\/pages\/341\/revisions"}],"wp:attachment":[{"href":"https:\/\/novaterra.com.gt\/es\/wp-json\/wp\/v2\/media?parent=341"}],"curies":[{"name":"wp","href":"https:\/\/api.w.org\/{rel}","templated":true}]}}